{"id":199,"date":"2021-06-09T13:35:11","date_gmt":"2021-06-09T13:35:11","guid":{"rendered":"https:\/\/materace-dla-hoteli.pl\/?page_id=199"},"modified":"2021-06-24T13:52:15","modified_gmt":"2021-06-24T13:52:15","slug":"materace-premium","status":"publish","type":"page","link":"http:\/\/materace-dla-hoteli.pl\/?page_id=199","title":{"rendered":"Materace PREMIUM"},"content":{"rendered":"\n<div class=\"wp-block-group has-black-color has-text-color\"><div class=\"wp-block-group__inner-container is-layout-flow wp-block-group-is-layout-flow\">\n<figure class=\"wp-block-table\"><table><tbody><tr><td>Materac <strong>FLEXI SUPREME VISCO<\/strong><\/td><td>Materac <strong><strong>STANDARD SUPEREME VISCO<\/strong><\/strong> <\/td><td>Materac<strong> <strong>HARD\u00a0SUPEREME<\/strong><\/strong> <strong>VISCO<\/strong><\/td><\/tr><tr><td>Mi\u0119kki H1\/H2<\/td><td>\u015arednio twardy H2\/H3<\/td><td>Twardy H4\/H5<\/td><\/tr><tr><td>pianka poliuretanowa T18<\/td><td>pianka poliuretanowa T25<\/td><td>\u00a0pianka poliuretanowa T35<\/td><\/tr><tr><td>Przeznaczony dla dla dzieci od 3 lat, os\u00f3b starszych, d\u0142ugotrwale le\u017c\u0105cych, z b\u00f3lami kr\u0119gos\u0142upa, dla alergik\u00f3w<\/td><td>Przeznaczony dla dzieci, m\u0142odzie\u017cy, doros\u0142ych, os\u00f3b starszych, z problemami sk\u00f3rnymi oraz odle\u017cynami, z problemami z kr\u0105\u017ceniem oraz kr\u0119gos\u0142upem<\/td><td>Przeznaczony dla doros\u0142ych<br>os\u00f3b starszych,\u00a0z alergiami, z problemami sk\u00f3rnymi, odle\u017cynami, z kr\u0105\u017ceniem<br>oraz z problemami z kr\u0119gos\u0142upem<\/td><\/tr><\/tbody><\/table><\/figure>\n\n\n\n<p class=\"has-black-color has-text-color\"><strong>SUPEREME VISCO\u00a0<\/strong>\u00a0to dwustronny\u00a0materac z\u00a0wk\u0142adem piankowym, kt\u00f3ra z jednej strony posiada piank\u0119  termoplastyczn\u0105\u00a0VISCO, a z drugiej strony lateksowan\u0105 mat\u0119 kokosow\u0105. <\/p>\n\n\n\n<p class=\"has-black-color has-text-color\">Materac posiada<strong> dwie twardo\u015bci,<\/strong> z jednej strony<strong> &#8211; z kokosem, <\/strong>z drugiej strony<strong> &#8211; z piank\u0105 T18\/25\/35 wraz z piank\u0105 VISCO &#8211; opcja ta minimalizuje ryzyko niedopasowania<\/strong>. W zale\u017cno\u015bci od wyboru materaca ta twardo\u015b\u0107 jest inna. <\/p>\n<\/div><\/div>\n\n\n\n<p class=\"has-black-color has-text-color\"><strong>Pianka Visco<\/strong>&#8211; to element materaca wyprodukowany na bazie poliuretanu, wzbogacony o \u015brodki zapewniaj\u0105ce odpowiedni\u0105 spr\u0119\u017cysto\u015b\u0107. Cech\u0105 charakterystyczn\u0105 tego rodzaju materia\u0142u jest dopasowanie do temperatury cia\u0142a, nast\u0119puje jego nietrwa\u0142e odkszta\u0142cenie. Dzi\u0119ki czemu dopasowuje si\u0119<strong> do kszta\u0142tu cia\u0142a.<\/strong> Natomiast <strong>lateksowana mata kokosowa<\/strong> usztywnia model- tworz\u0105c opcj\u0119 tward\u0105.<\/p>\n\n\n\n<div class=\"wp-block-group has-black-color has-text-color\"><div class=\"wp-block-group__inner-container is-layout-flow wp-block-group-is-layout-flow\">\n<figure class=\"wp-block-table\"><table><tbody><tr><td>Materac <strong>FLEXI QUALIT<\/strong><\/td><td>Materac <strong>STANDARD QUALIT<\/strong><\/td><td>Materac <strong>HARD QUALIT<\/strong><\/td><\/tr><tr><td>Mi\u0119kki H1<\/td><td>\u015arednio twardy H2\/H3<\/td><td>Twardy H4<\/td><\/tr><tr><td>pianka poliuretanowa T18<\/td><td>pianka poliuretanowa T25<\/td><td>pianka poliuretanowa T30<\/td><\/tr><tr><td>Przeznaczony dla dla dzieci, m\u0142odzie\u017cy i doros\u0142ych<br>os\u00f3b starszych, os\u00f3b z problemami sk\u00f3rnymi oraz odle\u017cynami<\/td><td>Przeznaczony dla os\u00f3b z alergiami, z problemami z kr\u0119gos\u0142upem, os\u00f3b starszych,<br>doros\u0142ych, os\u00f3b z problemami sk\u00f3rnymi, os\u00f3b d\u0142ugotrwale le\u017c\u0105cych, os\u00f3b d\u0142ugotrwale le\u017c\u0105cych, od 3 roku \u017cycia<\/td><td>dla dzieci, m\u0142odzie\u017cy i doros\u0142ych<br>osoby starsze<br>os\u00f3b z problemami sk\u00f3rnymi oraz odle\u017cynami<br>osoby z problemami\u00a0alergicznymi<br>osoby z problemami z kr\u0119gos\u0142upem<\/td><\/tr><\/tbody><\/table><\/figure>\n<\/div><\/div>\n\n\n\n<p class=\"has-black-color has-text-color\">Materac <strong>Qualit<\/strong> to dwustronny\u00a0materac z\u00a0wk\u0142adem piankowym, kt\u00f3ry z jednej strony posiada piank\u0119\u00a0lateksow\u0105, natomiast z drugiej strony mat\u0119 kokosow\u0105. <\/p>\n\n\n\n<p class=\"has-black-color has-text-color\"><strong>Strona z lateksem<\/strong> jest\u00a0<strong>przewiewna i wentyluj\u0105ca<\/strong>\u00a0oraz nadaje mi\u0119kko\u015bci modelowi, zabezpiecza materac przed wch\u0142anianiem wilgoci, kurzu i roztoczy &#8211; co czyni go hipoalergicznym.. <strong>Mata kokosowa<\/strong> jest produktem stosowanym w materacach ortopedycznych &#8211;\u00a0<strong>strona z mat\u0105 zapobiega zapadaniu cia\u0142a na materacu<\/strong>. Mata kokosowa umo\u017cliwia dobr\u0105 wentylacj\u0119 i cyrkulacj\u0119 powietrza dzi\u0119ki wewn\u0119trznej strukturze kanalikowej.<\/p>\n","protected":false},"excerpt":{"rendered":"<p>Materac FLEXI SUPREME VISCO Materac STANDARD SUPEREME VISCO Materac HARD\u00a0SUPEREME VISCO Mi\u0119kki H1\/H2 \u015arednio twardy H2\/H3 Twardy H4\/H5 pianka poliuretanowa T18 pianka poliuretanowa T25 \u00a0pianka poliuretanowa T35 Przeznaczony dla dla dzieci od 3 lat, os\u00f3b starszych, d\u0142ugotrwale le\u017c\u0105cych, z b\u00f3lami kr\u0119gos\u0142upa, dla alergik\u00f3w Przeznaczony dla dzieci, m\u0142odzie\u017cy, doros\u0142ych, os\u00f3b starszych, z problemami sk\u00f3rnymi oraz odle\u017cynami, [&hellip;]<\/p>\n","protected":false},"author":1,"featured_media":0,"parent":0,"menu_order":0,"comment_status":"closed","ping_status":"closed","template":"","meta":{"footnotes":""},"_links":{"self":[{"href":"http:\/\/materace-dla-hoteli.pl\/index.php?rest_route=\/wp\/v2\/pages\/199"}],"collection":[{"href":"http:\/\/materace-dla-hoteli.pl\/index.php?rest_route=\/wp\/v2\/pages"}],"about":[{"href":"http:\/\/materace-dla-hoteli.pl\/index.php?rest_route=\/wp\/v2\/types\/page"}],"author":[{"embeddable":true,"href":"http:\/\/materace-dla-hoteli.pl\/index.php?rest_route=\/wp\/v2\/users\/1"}],"replies":[{"embeddable":true,"href":"http:\/\/materace-dla-hoteli.pl\/index.php?rest_route=%2Fwp%2Fv2%2Fcomments&post=199"}],"version-history":[{"count":7,"href":"http:\/\/materace-dla-hoteli.pl\/index.php?rest_route=\/wp\/v2\/pages\/199\/revisions"}],"predecessor-version":[{"id":299,"href":"http:\/\/materace-dla-hoteli.pl\/index.php?rest_route=\/wp\/v2\/pages\/199\/revisions\/299"}],"wp:attachment":[{"href":"http:\/\/materace-dla-hoteli.pl\/index.php?rest_route=%2Fwp%2Fv2%2Fmedia&parent=199"}],"curies":[{"name":"wp","href":"https:\/\/api.w.org\/{rel}","templated":true}]}}