{"id":67,"date":"2020-11-03T14:38:35","date_gmt":"2020-11-03T14:38:35","guid":{"rendered":"https:\/\/materace-dla-hoteli.pl\/?page_id=67"},"modified":"2024-06-24T07:02:16","modified_gmt":"2024-06-24T07:02:16","slug":"strona-glowna","status":"publish","type":"page","link":"http:\/\/materace-dla-hoteli.pl\/?page_id=67","title":{"rendered":"Strona G\u0142\u00f3wna"},"content":{"rendered":"\n<div class=\"wp-block-group\"><div class=\"wp-block-group__inner-container is-layout-flow wp-block-group-is-layout-flow\">\n<figure class=\"wp-block-gallery columns-1 is-cropped wp-block-gallery-1 is-layout-flex wp-block-gallery-is-layout-flex\"><ul class=\"blocks-gallery-grid\"><li class=\"blocks-gallery-item\"><figure><img loading=\"lazy\" decoding=\"async\" width=\"1024\" height=\"807\" src=\"https:\/\/materace-dla-hoteli.pl\/wp-content\/uploads\/2020\/10\/producent-materacy-22-1024x807.jpg\" alt=\"\" data-id=\"50\" data-full-url=\"https:\/\/materace-dla-hoteli.pl\/wp-content\/uploads\/2020\/10\/producent-materacy-22-scaled.jpg\" data-link=\"https:\/\/materace-dla-hoteli.pl\/?attachment_id=50\" class=\"wp-image-50\" srcset=\"http:\/\/materace-dla-hoteli.pl\/wp-content\/uploads\/2020\/10\/producent-materacy-22-1024x807.jpg 1024w, http:\/\/materace-dla-hoteli.pl\/wp-content\/uploads\/2020\/10\/producent-materacy-22-300x237.jpg 300w, http:\/\/materace-dla-hoteli.pl\/wp-content\/uploads\/2020\/10\/producent-materacy-22-768x606.jpg 768w, http:\/\/materace-dla-hoteli.pl\/wp-content\/uploads\/2020\/10\/producent-materacy-22-1536x1211.jpg 1536w, http:\/\/materace-dla-hoteli.pl\/wp-content\/uploads\/2020\/10\/producent-materacy-22-2048x1615.jpg 2048w, http:\/\/materace-dla-hoteli.pl\/wp-content\/uploads\/2020\/10\/producent-materacy-22-1200x946.jpg 1200w, http:\/\/materace-dla-hoteli.pl\/wp-content\/uploads\/2020\/10\/producent-materacy-22-1980x1561.jpg 1980w\" sizes=\"(max-width: 1024px) 100vw, 1024px\" \/><\/figure><\/li><\/ul><\/figure>\n\n\n\n<p class=\"has-black-color has-white-background-color has-text-color has-background\">Jeste\u015bmy polskim producentem materacy. Nasze produkty wykonane s\u0105 z wysokiej jako\u015bci sprawdzonych surowc\u00f3w pochodz\u0105cych z Polski i Europy. Cechuje je staranno\u015b\u0107 wykonania i niezwyk\u0142y komfort. Naszym priorytetem jest przede wszystkim zadowolenie klient\u00f3w i indywidualny dob\u00f3r produktu do potrzeb u\u017cytkownika.<br><br>Nasze materace produkowane s\u0105 w Nowym S\u0105czu. W naszej ofercie znajd\u0105 Pa\u0144stwo materace piankowe oraz materace spr\u0119\u017cynowe dost\u0119pne w dw\u00f3ch wariantach: materace kieszeniowe i materace bonellowe.<\/p>\n\n\n\n<p class=\"has-black-color has-white-background-color has-text-color has-background\"><strong>Jako producent materacy bierzemy r\u00f3wnie\u017c udzia\u0142 w przetargach.<\/strong><br>Zach\u0119camy do kontaktu z nami pod adresem e-mail: <a href=\"mailto:biuro@materacezgor.pl\">biuro@materacezgor.pl<\/a> oraz numerem telefonu +48 784 682 477 ; +48 795 494 842<br>Jako producent materacy mo\u017cemy skomponowa\u0107 ofert\u0119 pod zam\u00f3wienie klienta.<br>Nasze materace s\u0105 rolowane do transportu oraz na \u017cyczenie klienta mo\u017cemy wys\u0142a\u0107 materace na p\u0142asko.<\/p>\n\n\n\n<p class=\"has-black-color has-white-background-color has-text-color has-background\"><strong>Materace piankowe<\/strong> nie posiadaj\u0105 wk\u0142adu spr\u0119\u017cynowego, skonstruowane s\u0105 z r\u00f3\u017cnego rodzaju pianek. S\u0105 rekomendowane jako materace antyalergiczne, poniewa\u017c s\u0105 bardziej higieniczne od materacy spr\u0119\u017cynowych. W \u015brodku materaca nie osadza si\u0119 tak du\u017ca ilo\u015b\u0107 kurzu.<\/p>\n\n\n\n<p class=\"has-black-color has-white-background-color has-text-color has-background\"><strong>Materace spr\u0119\u017cynowe<\/strong> dost\u0119pne s\u0105 u nas w dw\u00f3ch wersjach. Produkujemy materace <strong>kieszeniowe<\/strong> oraz <strong>bonellowe<\/strong>.<br><br><strong>Materace kieszeniowe<\/strong> charakteryzuj\u0105 si\u0119 elastyczno\u015bci\u0105 punktow\u0105. Spr\u0119\u017cyny zapakowane s\u0105 w osobne kieszenie, dzi\u0119ki czemu materace te cechuj\u0105 si\u0119 cich\u0105 prac\u0105, a osoba \u015bpi\u0105ca obok nie odczuwa ruch\u00f3w partnera. Materace hotelowe kieszeniowe polecane s\u0105 dla hoteli szukaj\u0105cych nowoczesnych, najbardziej zaawansowanych technologicznie produkt\u00f3w.<br><br>Atutem <strong>materacy bonellowych <\/strong>jest ich du\u017ca wytrzyma\u0142o\u015b\u0107 oraz odporno\u015b\u0107 na obci\u0105\u017cenia i up\u0142yw czasu. Ci\u0119\u017car osoby na nim \u015bpi\u0105cej jest rozk\u0142adany na ca\u0142\u0105 jego powierzchni\u0119. Jego cech\u0105 charakterystyczn\u0105 jest to, \u017ce mo\u017ce s\u0142u\u017cy\u0107 r\u00f3\u017cnym osobom, o r\u00f3\u017cnej masie cia\u0142a i o r\u00f3\u017cnych preferencjach u\u0142o\u017cenia cia\u0142a podczas snu. Gdy na materacu \u015bpi\u0105 osoby o r\u00f3\u017cnych wagach, s\u0105 dysproporcj\u0119 wagowe mi\u0119dzy osobami na nim \u015bpi\u0105cymi, materac bonellowy ma tendencj\u0119 do unoszenia si\u0119. Ka\u017cdy ruch partnera jest wyczuwany.<br>Materace spr\u0119\u017cynowe oraz piankowe mog\u0105 posiada\u0107 r\u00f3\u017cne warstwy innych materia\u0142\u00f3w.<br><br><strong>Materace dla dzieci,<\/strong> kt\u00f3re oferujemy, zosta\u0142y wyprodukowane z wysokiej jako\u015bci polskich komponent\u00f3w, zgodnie z normami i wytycznymi Unii Europejskiej. Materace te s\u0105 wykonane z pianki poliuretanowej, poniewa\u017c tylko taki typ wype\u0142nienia jest odpowiedni dla dzieci w fazie rozwoju do lat 8. W naszej ofercie znajd\u0105 Pa\u0144stwo materacyki dla dzieci z dodatkiem maty kokosowej, materace lateksowe czy standardowe materace z pianki poliuretanowej.<br><br>Piankowe materacyki dla dzieci cechuje odpowiedni poziom mi\u0119kko\u015bci, kt\u00f3ry sprawia, \u017ce takie materace s\u0105 naprawd\u0119 wygodne i zapewniaj\u0105 wysoki komfort snu. Zastosowany w nich wk\u0142ad posiada w\u0142a\u015bciwo\u015bci antyalergiczne, dlatego jest ca\u0142kowicie bezpieczny dla ka\u017cdego dziecka.<br><br>Materace w rozmiarze<strong> 180&#215;200<\/strong> idealnie sprawdz\u0105 si\u0119 do du\u017cego \u0142\u00f3\u017cka dla pary lub ma\u0142\u017ce\u0144stwa.<br><br>Materace <strong>160&#215;200 <\/strong>to najbardziej popularne i najcz\u0119\u015bciej kupowane materace dwuosobowe dla par. Materace 160&#215;200 to idealne rozwi\u0105zanie dla dw\u00f3ch os\u00f3b preferuj\u0105cych szerokie materace, zapewniaj\u0105ce odpowiednio du\u017c\u0105 powierzchni\u0119 spania.<br><br>Materac<strong> 140&#215;200<\/strong> to klasyczny rozmiar materaca u\u017cywany w \u015brednich \u0142\u00f3\u017ckach. Zapewniaj\u0105 optymalny i komfortowy wypoczynek dla dwojga.<br><br>Materac <strong>120&#215;200 <\/strong>to najwi\u0119kszy materac jednoosobowy lub najmniejszy dwuosobowy. Najlepiej sprawdz\u0105 si\u0119 dla os\u00f3b poszukuj\u0105cych najszerszego materaca jednoosobowego. Materace o takich wymiarach skierowane s\u0105 r\u00f3wnie\u017c do bardzo ma\u0142ych sypialni uniemo\u017cliwiaj\u0105cych zakup szerszego materaca jako materace dwuosobowe<br><br>Materac<strong> 90&#215;200<\/strong> jest to bardzo popularny materac wybierany do \u0142\u00f3\u017cek pojedynczych. Jest to najcz\u0119\u015bciej wybierany rodzaj materaca do \u0142\u00f3\u017cek jednoosobowych przez hotele.<br><br><strong>W naszej ofercie znajd\u0105 Pa\u0144stwo materace z<br><\/strong>&#8211; piank\u0105 visco, kt\u00f3rej kszta\u0142t dostosuje si\u0119 do kszta\u0142tu Twojego cia\u0142a, pianka ta w bardzo dobry spos\u00f3b zapobiega powstawaniu odle\u017cyn. Doceniana jest za niepowtarzaln\u0105 przytulno\u015b\u0107.<br>&#8211; lateksow\u0105 mat\u0105 kokosow\u0105, kt\u00f3ra usztywnia materac. Charakteryzuje si\u0119 w\u0142a\u015bciwo\u015bciami ortopedycznymi.<br>&#8211; piank\u0105 wysokoelastyczn\u0105 HR, kt\u00f3rej najwa\u017cniejsze cechy to jej wysoka elastyczno\u015b\u0107 i spr\u0119\u017cysto\u015b\u0107. Zapewnia optymalne podparcie sylwetki, z uwzgl\u0119dnieniem tak istotnych punkt\u00f3w jak kr\u0119gos\u0142up, ramiona i biodra.<br>&#8211; mat\u0105 lateksow\u0105, kt\u00f3ra jest bardzo elastyczna, natychmiast reaguje na zmian\u0119 pozycji le\u017cenia dostosowuj\u0105c kszta\u0142t do cia\u0142a. Jest produktem stosowanym w materacach ortopedycznych.<br>&#8211; piank\u0105 masuj\u0105c\u0105, kt\u00f3ra jest polecana osob\u0105 z efektem obola\u0142ych mi\u0119\u015bni, z tendencjami do spi\u0119\u0107 czy skurczy mi\u0119\u015bniowych.<\/p>\n\n\n\n<div class=\"wp-block-group\"><div class=\"wp-block-group__inner-container is-layout-flow wp-block-group-is-layout-flow\">\n<figure class=\"wp-block-embed is-type-video is-provider-youtube wp-block-embed-youtube wp-embed-aspect-16-9 wp-has-aspect-ratio\"><div class=\"wp-block-embed__wrapper\">\n<iframe loading=\"lazy\" title=\"Materace z g\u00f3r- fabryka. Jak zwin\u0105\u0107 du\u017cy materac w rolk\u0119? Maszynowe kompresowanie i rolowanie.\" width=\"640\" height=\"360\" src=\"https:\/\/www.youtube.com\/embed\/C93CYrKUz7s?feature=oembed\" frameborder=\"0\" allow=\"accelerometer; autoplay; clipboard-write; encrypted-media; gyroscope; picture-in-picture; web-share\" referrerpolicy=\"strict-origin-when-cross-origin\" allowfullscreen><\/iframe>\n<\/div><figcaption><strong>Fabryka materacy.<\/strong><\/figcaption><\/figure>\n<\/div><\/div>\n<\/div><\/div>\n\n\n\n<div class=\"wp-block-group\"><div class=\"wp-block-group__inner-container is-layout-flow wp-block-group-is-layout-flow\">\n<figure class=\"wp-block-gallery columns-0 is-cropped wp-block-gallery-2 is-layout-flex wp-block-gallery-is-layout-flex\"><ul class=\"blocks-gallery-grid\"><\/ul><\/figure>\n<\/div><\/div>\n\n\n\n<div class=\"wp-block-group\"><div class=\"wp-block-group__inner-container is-layout-flow wp-block-group-is-layout-flow\">\n<div class=\"wp-block-group is-layout-flow wp-block-group-is-layout-flow\"><div class=\"wp-block-group__inner-container\"><\/div><\/div>\n<\/div><\/div>\n\n\n\n<div class=\"wp-block-group is-layout-flow wp-block-group-is-layout-flow\"><div class=\"wp-block-group__inner-container\"><\/div><\/div>\n\n\n\n<div class=\"wp-block-group is-layout-flow wp-block-group-is-layout-flow\"><div class=\"wp-block-group__inner-container\"><\/div><\/div>\n\n\n\n<p><\/p>\n","protected":false},"excerpt":{"rendered":"<p>Jeste\u015bmy polskim producentem materacy. Nasze produkty wykonane s\u0105 z wysokiej jako\u015bci sprawdzonych surowc\u00f3w pochodz\u0105cych z Polski i Europy. Cechuje je staranno\u015b\u0107 wykonania i niezwyk\u0142y komfort. Naszym priorytetem jest przede wszystkim zadowolenie klient\u00f3w i indywidualny dob\u00f3r produktu do potrzeb u\u017cytkownika. Nasze materace produkowane s\u0105 w Nowym S\u0105czu. W naszej ofercie znajd\u0105 Pa\u0144stwo materace piankowe oraz materace [&hellip;]<\/p>\n","protected":false},"author":1,"featured_media":0,"parent":0,"menu_order":0,"comment_status":"closed","ping_status":"closed","template":"","meta":{"footnotes":""},"_links":{"self":[{"href":"http:\/\/materace-dla-hoteli.pl\/index.php?rest_route=\/wp\/v2\/pages\/67"}],"collection":[{"href":"http:\/\/materace-dla-hoteli.pl\/index.php?rest_route=\/wp\/v2\/pages"}],"about":[{"href":"http:\/\/materace-dla-hoteli.pl\/index.php?rest_route=\/wp\/v2\/types\/page"}],"author":[{"embeddable":true,"href":"http:\/\/materace-dla-hoteli.pl\/index.php?rest_route=\/wp\/v2\/users\/1"}],"replies":[{"embeddable":true,"href":"http:\/\/materace-dla-hoteli.pl\/index.php?rest_route=%2Fwp%2Fv2%2Fcomments&post=67"}],"version-history":[{"count":25,"href":"http:\/\/materace-dla-hoteli.pl\/index.php?rest_route=\/wp\/v2\/pages\/67\/revisions"}],"predecessor-version":[{"id":331,"href":"http:\/\/materace-dla-hoteli.pl\/index.php?rest_route=\/wp\/v2\/pages\/67\/revisions\/331"}],"wp:attachment":[{"href":"http:\/\/materace-dla-hoteli.pl\/index.php?rest_route=%2Fwp%2Fv2%2Fmedia&parent=67"}],"curies":[{"name":"wp","href":"https:\/\/api.w.org\/{rel}","templated":true}]}}